{"id":1564,"date":"2023-05-09T10:53:10","date_gmt":"2023-05-09T08:53:10","guid":{"rendered":"https:\/\/trailencoterotie.fr\/?page_id=1564"},"modified":"2025-07-25T11:48:21","modified_gmt":"2025-07-25T09:48:21","slug":"pole-medical","status":"publish","type":"page","link":"https:\/\/trailencoterotie.fr\/en\/pole-medical\/","title":{"rendered":"Medical center"},"content":{"rendered":"<div data-elementor-type=\"wp-page\" data-elementor-id=\"1564\" class=\"elementor elementor-1564\">\n\t\t\t\t\t\t<div class=\"elementor-inner\">\n\t\t\t\t<div class=\"elementor-section-wrap\">\n\t\t\t\t\t\t\t\t\t<section class=\"elementor-section elementor-top-section elementor-element elementor-element-fdeef91 elementor-section-full_width elementor-section-height-default elementor-section-height-default\" data-id=\"fdeef91\" data-element_type=\"section\" data-settings=\"{&quot;background_background&quot;:&quot;classic&quot;}\">\n\t\t\t\t\t\t<div class=\"elementor-container elementor-column-gap-default\">\n\t\t\t\t\t\t\t<div class=\"elementor-row\">\n\t\t\t\t\t<div class=\"elementor-column elementor-col-100 elementor-top-column elementor-element elementor-element-530aeb6\" data-id=\"530aeb6\" data-element_type=\"column\" data-settings=\"{&quot;background_background&quot;:&quot;slideshow&quot;,&quot;background_slideshow_gallery&quot;:[],&quot;background_slideshow_loop&quot;:&quot;yes&quot;,&quot;background_slideshow_slide_duration&quot;:5000,&quot;background_slideshow_slide_transition&quot;:&quot;fade&quot;,&quot;background_slideshow_transition_duration&quot;:500}\">\n\t\t\t<div class=\"elementor-column-wrap elementor-element-populated\">\n\t\t\t\t\t\t\t<div class=\"elementor-widget-wrap\">\n\t\t\t\t\t\t<div class=\"elementor-element elementor-element-c27fd22 elementor-widget elementor-widget-spacer\" data-id=\"c27fd22\" data-element_type=\"widget\" data-widget_type=\"spacer.default\">\n\t\t\t\t<div class=\"elementor-widget-container\">\n\t\t\t\t\t<div class=\"elementor-spacer\">\n\t\t\t<div class=\"elementor-spacer-inner\"><\/div>\n\t\t<\/div>\n\t\t\t\t<\/div>\n\t\t\t\t<\/div>\n\t\t\t\t<div class=\"elementor-element elementor-element-0ce98ff elementor-widget__width-inherit elementor-widget elementor-widget-heading\" data-id=\"0ce98ff\" data-element_type=\"widget\" data-widget_type=\"heading.default\">\n\t\t\t\t<div class=\"elementor-widget-container\">\n\t\t\t<h1 class=\"elementor-heading-title elementor-size-default\">Medical center<\/h1>\t\t<\/div>\n\t\t\t\t<\/div>\n\t\t\t\t<div class=\"elementor-element elementor-element-5584fdd elementor-widget elementor-widget-spacer\" data-id=\"5584fdd\" data-element_type=\"widget\" data-widget_type=\"spacer.default\">\n\t\t\t\t<div class=\"elementor-widget-container\">\n\t\t\t\t\t<div class=\"elementor-spacer\">\n\t\t\t<div class=\"elementor-spacer-inner\"><\/div>\n\t\t<\/div>\n\t\t\t\t<\/div>\n\t\t\t\t<\/div>\n\t\t\t\t\t\t<\/div>\n\t\t\t\t\t<\/div>\n\t\t<\/div>\n\t\t\t\t\t\t\t\t<\/div>\n\t\t\t\t\t<\/div>\n\t\t<\/section>\n\t\t\t\t<section class=\"elementor-section elementor-top-section elementor-element elementor-element-3cf74fe elementor-section-boxed elementor-section-height-default elementor-section-height-default\" data-id=\"3cf74fe\" data-element_type=\"section\">\n\t\t\t\t\t\t<div class=\"elementor-container elementor-column-gap-default\">\n\t\t\t\t\t\t\t<div class=\"elementor-row\">\n\t\t\t\t\t<div class=\"elementor-column elementor-col-100 elementor-top-column elementor-element elementor-element-b081a73\" data-id=\"b081a73\" data-element_type=\"column\">\n\t\t\t<div class=\"elementor-column-wrap elementor-element-populated\">\n\t\t\t\t\t\t\t<div class=\"elementor-widget-wrap\">\n\t\t\t\t\t\t<div class=\"elementor-element elementor-element-028364e elementor-widget elementor-widget-spacer\" data-id=\"028364e\" data-element_type=\"widget\" data-widget_type=\"spacer.default\">\n\t\t\t\t<div class=\"elementor-widget-container\">\n\t\t\t\t\t<div class=\"elementor-spacer\">\n\t\t\t<div class=\"elementor-spacer-inner\"><\/div>\n\t\t<\/div>\n\t\t\t\t<\/div>\n\t\t\t\t<\/div>\n\t\t\t\t<div class=\"elementor-element elementor-element-4a70179 elementor-widget elementor-widget-heading\" data-id=\"4a70179\" data-element_type=\"widget\" data-widget_type=\"heading.default\">\n\t\t\t\t<div class=\"elementor-widget-container\">\n\t\t\t<h2 class=\"elementor-heading-title elementor-size-default\">Medical Center: Your comfort after exercise<\/h2>\t\t<\/div>\n\t\t\t\t<\/div>\n\t\t\t\t<div class=\"elementor-element elementor-element-0dbb0de elementor-widget elementor-widget-spacer\" data-id=\"0dbb0de\" data-element_type=\"widget\" data-widget_type=\"spacer.default\">\n\t\t\t\t<div class=\"elementor-widget-container\">\n\t\t\t\t\t<div class=\"elementor-spacer\">\n\t\t\t<div class=\"elementor-spacer-inner\"><\/div>\n\t\t<\/div>\n\t\t\t\t<\/div>\n\t\t\t\t<\/div>\n\t\t\t\t\t\t<\/div>\n\t\t\t\t\t<\/div>\n\t\t<\/div>\n\t\t\t\t\t\t\t\t<\/div>\n\t\t\t\t\t<\/div>\n\t\t<\/section>\n\t\t\t\t<section class=\"elementor-section elementor-top-section elementor-element elementor-element-3118f2f elementor-section-boxed elementor-section-height-default elementor-section-height-default\" data-id=\"3118f2f\" data-element_type=\"section\">\n\t\t\t\t\t\t<div class=\"elementor-container elementor-column-gap-default\">\n\t\t\t\t\t\t\t<div class=\"elementor-row\">\n\t\t\t\t\t<div class=\"elementor-column elementor-col-100 elementor-top-column elementor-element elementor-element-6b7c91e\" data-id=\"6b7c91e\" data-element_type=\"column\">\n\t\t\t<div class=\"elementor-column-wrap elementor-element-populated\">\n\t\t\t\t\t\t\t<div class=\"elementor-widget-wrap\">\n\t\t\t\t\t\t<div class=\"elementor-element elementor-element-da12814 elementor-widget elementor-widget-text-editor\" data-id=\"da12814\" data-element_type=\"widget\" data-widget_type=\"text-editor.default\">\n\t\t\t\t<div class=\"elementor-widget-container\">\n\t\t\t\t\t\t\t\t<div class=\"elementor-text-editor elementor-clearfix\">\n\t\t\t\t<p>After having traveled 13, 25 or 46 km, you will be welcomed in our medical center by our care team:<\/p>\t\t\t\t\t<\/div>\n\t\t\t\t\t\t<\/div>\n\t\t\t\t<\/div>\n\t\t\t\t<div class=\"elementor-element elementor-element-1278091 elementor-widget elementor-widget-text-editor\" data-id=\"1278091\" data-element_type=\"widget\" data-widget_type=\"text-editor.default\">\n\t\t\t\t<div class=\"elementor-widget-container\">\n\t\t\t\t\t\t\t\t<div class=\"elementor-text-editor elementor-clearfix\">\n\t\t\t\t<ul>\n<li data-start=\"293\" data-end=\"390\">\n<p data-start=\"295\" data-end=\"390\"><strong data-start=\"295\" data-end=\"339\">A dozen students in physiotherapy school<\/strong>, <strong data-start=\"341\" data-end=\"388\">supervis\u00e9s par les 3 masseurs-kin\u00e9sith\u00e9rapeutes du cabinet Aktive d&rsquo;Ampuis<\/strong><\/p>\n<\/li>\n<li data-start=\"391\" data-end=\"413\">\n<p data-start=\"393\" data-end=\"413\"><strong data-start=\"393\" data-end=\"411\">An osteopath<\/strong><\/p>\n<\/li>\n<li data-start=\"414\" data-end=\"435\">\n<p data-start=\"416\" data-end=\"435\"><strong data-start=\"416\" data-end=\"433\">A podiatrist<\/strong><\/p>\n<\/li>\n<li data-start=\"436\" data-end=\"541\">\n<p data-start=\"438\" data-end=\"541\"><strong>A doctor<\/strong><\/p>\n<\/li>\n<\/ul>\t\t\t\t\t<\/div>\n\t\t\t\t\t\t<\/div>\n\t\t\t\t<\/div>\n\t\t\t\t<div class=\"elementor-element elementor-element-b7f5ad4 elementor-widget elementor-widget-text-editor\" data-id=\"b7f5ad4\" data-element_type=\"widget\" data-widget_type=\"text-editor.default\">\n\t\t\t\t<div class=\"elementor-widget-container\">\n\t\t\t\t\t\t\t\t<div class=\"elementor-text-editor elementor-clearfix\">\n\t\t\t\t<p>Our completely free center is open from the arrival of the first runner until the closing of the exhibitor village. It is located near the north entrance of the exhibitor village in the hexagonal room located in the gymnasium. No need to make an appointment, just come in your medical gear. In case of emergency, emergency services are nearby.<\/p>\t\t\t\t\t<\/div>\n\t\t\t\t\t\t<\/div>\n\t\t\t\t<\/div>\n\t\t\t\t\t\t<\/div>\n\t\t\t\t\t<\/div>\n\t\t<\/div>\n\t\t\t\t\t\t\t\t<\/div>\n\t\t\t\t\t<\/div>\n\t\t<\/section>\n\t\t\t\t<section class=\"elementor-section elementor-top-section elementor-element elementor-element-97e5028 elementor-section-boxed elementor-section-height-default elementor-section-height-default\" data-id=\"97e5028\" data-element_type=\"section\">\n\t\t\t\t\t\t<div class=\"elementor-container elementor-column-gap-default\">\n\t\t\t\t\t\t\t<div class=\"elementor-row\">\n\t\t\t\t\t<div class=\"elementor-column elementor-col-50 elementor-top-column elementor-element elementor-element-e0b77af\" data-id=\"e0b77af\" data-element_type=\"column\">\n\t\t\t<div class=\"elementor-column-wrap elementor-element-populated\">\n\t\t\t\t\t\t\t<div class=\"elementor-widget-wrap\">\n\t\t\t\t\t\t<div class=\"elementor-element elementor-element-4df108a elementor-widget elementor-widget-image\" data-id=\"4df108a\" data-element_type=\"widget\" data-widget_type=\"image.default\">\n\t\t\t\t<div class=\"elementor-widget-container\">\n\t\t\t\t\t\t\t\t<div class=\"elementor-image\">\n\t\t\t\t\t\t\t\t\t\t\t\t<img width=\"800\" height=\"534\" src=\"https:\/\/trailencoterotie.fr\/wp-content\/uploads\/2025\/07\/Dolpic-sponsor-du-Trail-en-cote-rotie-1024x683.jpg\" class=\"attachment-large size-large\" alt=\"\" loading=\"lazy\" srcset=\"https:\/\/trailencoterotie.fr\/wp-content\/uploads\/2025\/07\/Dolpic-sponsor-du-Trail-en-cote-rotie-1024x683.jpg 1024w, https:\/\/trailencoterotie.fr\/wp-content\/uploads\/2025\/07\/Dolpic-sponsor-du-Trail-en-cote-rotie-300x200.jpg 300w, https:\/\/trailencoterotie.fr\/wp-content\/uploads\/2025\/07\/Dolpic-sponsor-du-Trail-en-cote-rotie-768x512.jpg 768w, https:\/\/trailencoterotie.fr\/wp-content\/uploads\/2025\/07\/Dolpic-sponsor-du-Trail-en-cote-rotie-1536x1024.jpg 1536w, https:\/\/trailencoterotie.fr\/wp-content\/uploads\/2025\/07\/Dolpic-sponsor-du-Trail-en-cote-rotie-2048x1365.jpg 2048w\" sizes=\"(max-width: 800px) 100vw, 800px\" \/>\t\t\t\t\t\t\t\t\t\t\t\t\t\t<\/div>\n\t\t\t\t\t\t<\/div>\n\t\t\t\t<\/div>\n\t\t\t\t\t\t<\/div>\n\t\t\t\t\t<\/div>\n\t\t<\/div>\n\t\t\t\t<div class=\"elementor-column elementor-col-50 elementor-top-column elementor-element elementor-element-79a6a22\" data-id=\"79a6a22\" data-element_type=\"column\">\n\t\t\t<div class=\"elementor-column-wrap elementor-element-populated\">\n\t\t\t\t\t\t\t<div class=\"elementor-widget-wrap\">\n\t\t\t\t\t\t<div class=\"elementor-element elementor-element-1f18c38 elementor-widget elementor-widget-text-editor\" data-id=\"1f18c38\" data-element_type=\"widget\" data-widget_type=\"text-editor.default\">\n\t\t\t\t<div class=\"elementor-widget-container\">\n\t\t\t\t\t\t\t\t<div class=\"elementor-text-editor elementor-clearfix\">\n\t\t\t\t<p data-start=\"160\" data-end=\"218\"><strong>Optimized care thanks to our partner Dolpic:<\/strong><\/p><p data-start=\"220\" data-end=\"597\">This year again, we are pleased to benefit from the support of the Dolpic brand, a specialist in sports care.<br data-start=\"346\" data-end=\"349\" \/>Thanks to their partnership, our medical center is equipped with their massage and recovery products: massage oils, cryo gel and spa treatments, heating balms, etc.<br data-start=\"524\" data-end=\"527\" data-is-only-node=\"\" \/>To learn more, visit <a class=\"\" href=\"https:\/\/www.dolpic.fr\" target=\"_new\" rel=\"noopener\" data-start=\"559\" data-end=\"597\">www.dolpic.fr<\/a><\/p>\t\t\t\t\t<\/div>\n\t\t\t\t\t\t<\/div>\n\t\t\t\t<\/div>\n\t\t\t\t\t\t<\/div>\n\t\t\t\t\t<\/div>\n\t\t<\/div>\n\t\t\t\t\t\t\t\t<\/div>\n\t\t\t\t\t<\/div>\n\t\t<\/section>\n\t\t\t\t\t\t\t\t\t<\/div>\n\t\t\t<\/div>\n\t\t\t\t\t<\/div>","protected":false},"excerpt":{"rendered":"<p>P\u00f4le m\u00e9dical P\u00f4le m\u00e9dical : Votre confort apr\u00e8s l&rsquo;effort Apr\u00e8s avoir parcouru 13, 25 ou 46\u202fkm, vous serez accueillis dans notre p\u00f4le m\u00e9dical par notre \u00e9quipe de soins\u202f: Une dizaine d&rsquo;\u00e9tudiants en \u00e9cole de kin\u00e9sith\u00e9rapie, supervis\u00e9s par les 3 masseurs-kin\u00e9sith\u00e9rapeutes du cabinet Aktive d&rsquo;Ampuis Une ost\u00e9opathe Une podologue Un m\u00e9decin Notre p\u00f4le, enti\u00e8rement gratuit, est [&hellip;]<\/p>","protected":false},"author":2,"featured_media":0,"parent":0,"menu_order":0,"comment_status":"closed","ping_status":"closed","template":"elementor_header_footer","meta":[],"yoast_head":"<!-- This site is optimized with the Yoast SEO plugin v18.6 - https:\/\/yoast.com\/wordpress\/plugins\/seo\/ -->\n<title>P\u00f4le m\u00e9dical - Trail en C\u00f4te-R\u00f4tie<\/title>\n<meta name=\"description\" content=\"Apr\u00e8s votre course, un p\u00f4le m\u00e9dical est \u00e0 votre disposition o\u00f9 une \u00e9quipe de soins (kin\u00e9, ost\u00e9opathe, m\u00e9decin, podologue) vous accueille\" \/>\n<meta name=\"robots\" content=\"index, follow, max-snippet:-1, max-image-preview:large, max-video-preview:-1\" \/>\n<link rel=\"canonical\" href=\"https:\/\/trailencoterotie.fr\/en\/pole-medical\/\" \/>\n<meta property=\"og:locale\" content=\"en_GB\" \/>\n<meta property=\"og:type\" content=\"article\" \/>\n<meta property=\"og:title\" content=\"P\u00f4le m\u00e9dical - Trail en C\u00f4te-R\u00f4tie\" \/>\n<meta property=\"og:description\" content=\"Apr\u00e8s votre course, un p\u00f4le m\u00e9dical est \u00e0 votre disposition o\u00f9 une \u00e9quipe de soins (kin\u00e9, ost\u00e9opathe, m\u00e9decin, podologue) vous accueille\" \/>\n<meta property=\"og:url\" content=\"https:\/\/trailencoterotie.fr\/en\/pole-medical\/\" \/>\n<meta property=\"og:site_name\" content=\"Trail en C\u00f4te-R\u00f4tie\" \/>\n<meta property=\"article:modified_time\" content=\"2025-07-25T09:48:21+00:00\" \/>\n<meta property=\"og:image\" content=\"https:\/\/trailencoterotie.fr\/wp-content\/uploads\/2025\/07\/Dolpic-sponsor-du-Trail-en-cote-rotie-1024x683.jpg\" \/>\n<meta name=\"twitter:card\" content=\"summary_large_image\" \/>\n<meta name=\"twitter:label1\" content=\"Est. reading time\" \/>\n\t<meta name=\"twitter:data1\" content=\"2 minutes\" \/>\n<script type=\"application\/ld+json\" class=\"yoast-schema-graph\">{\"@context\":\"https:\/\/schema.org\",\"@graph\":[{\"@type\":\"WebSite\",\"@id\":\"https:\/\/trailencoterotie.fr\/#website\",\"url\":\"https:\/\/trailencoterotie.fr\/\",\"name\":\"Trail en C\u00f4te-R\u00f4tie\",\"description\":\"Un Trail \u00e0 l\u2019image de notre vignoble : intense et vertigineux !\",\"potentialAction\":[{\"@type\":\"SearchAction\",\"target\":{\"@type\":\"EntryPoint\",\"urlTemplate\":\"https:\/\/trailencoterotie.fr\/?s={search_term_string}\"},\"query-input\":\"required name=search_term_string\"}],\"inLanguage\":\"en-GB\"},{\"@type\":\"ImageObject\",\"@id\":\"https:\/\/trailencoterotie.fr\/pole-medical\/#primaryimage\",\"inLanguage\":\"en-GB\",\"url\":\"https:\/\/trailencoterotie.fr\/wp-content\/uploads\/2025\/07\/Dolpic-sponsor-du-Trail-en-cote-rotie-scaled.jpg\",\"contentUrl\":\"https:\/\/trailencoterotie.fr\/wp-content\/uploads\/2025\/07\/Dolpic-sponsor-du-Trail-en-cote-rotie-scaled.jpg\",\"width\":2560,\"height\":1707},{\"@type\":\"WebPage\",\"@id\":\"https:\/\/trailencoterotie.fr\/pole-medical\/#webpage\",\"url\":\"https:\/\/trailencoterotie.fr\/pole-medical\/\",\"name\":\"P\u00f4le m\u00e9dical - Trail en C\u00f4te-R\u00f4tie\",\"isPartOf\":{\"@id\":\"https:\/\/trailencoterotie.fr\/#website\"},\"primaryImageOfPage\":{\"@id\":\"https:\/\/trailencoterotie.fr\/pole-medical\/#primaryimage\"},\"datePublished\":\"2023-05-09T08:53:10+00:00\",\"dateModified\":\"2025-07-25T09:48:21+00:00\",\"description\":\"Apr\u00e8s votre course, un p\u00f4le m\u00e9dical est \u00e0 votre disposition o\u00f9 une \u00e9quipe de soins (kin\u00e9, ost\u00e9opathe, m\u00e9decin, podologue) vous accueille\",\"breadcrumb\":{\"@id\":\"https:\/\/trailencoterotie.fr\/pole-medical\/#breadcrumb\"},\"inLanguage\":\"en-GB\",\"potentialAction\":[{\"@type\":\"ReadAction\",\"target\":[\"https:\/\/trailencoterotie.fr\/pole-medical\/\"]}]},{\"@type\":\"BreadcrumbList\",\"@id\":\"https:\/\/trailencoterotie.fr\/pole-medical\/#breadcrumb\",\"itemListElement\":[{\"@type\":\"ListItem\",\"position\":1,\"name\":\"Accueil\",\"item\":\"https:\/\/trailencoterotie.fr\/\"},{\"@type\":\"ListItem\",\"position\":2,\"name\":\"P\u00f4le m\u00e9dical\"}]}]}<\/script>\n<!-- \/ Yoast SEO plugin. -->","yoast_head_json":{"title":"P\u00f4le m\u00e9dical - Trail en C\u00f4te-R\u00f4tie","description":"Apr\u00e8s votre course, un p\u00f4le m\u00e9dical est \u00e0 votre disposition o\u00f9 une \u00e9quipe de soins (kin\u00e9, ost\u00e9opathe, m\u00e9decin, podologue) vous accueille","robots":{"index":"index","follow":"follow","max-snippet":"max-snippet:-1","max-image-preview":"max-image-preview:large","max-video-preview":"max-video-preview:-1"},"canonical":"https:\/\/trailencoterotie.fr\/en\/pole-medical\/","og_locale":"en_GB","og_type":"article","og_title":"P\u00f4le m\u00e9dical - Trail en C\u00f4te-R\u00f4tie","og_description":"Apr\u00e8s votre course, un p\u00f4le m\u00e9dical est \u00e0 votre disposition o\u00f9 une \u00e9quipe de soins (kin\u00e9, ost\u00e9opathe, m\u00e9decin, podologue) vous accueille","og_url":"https:\/\/trailencoterotie.fr\/en\/pole-medical\/","og_site_name":"Trail en C\u00f4te-R\u00f4tie","article_modified_time":"2025-07-25T09:48:21+00:00","og_image":[{"url":"https:\/\/trailencoterotie.fr\/wp-content\/uploads\/2025\/07\/Dolpic-sponsor-du-Trail-en-cote-rotie-1024x683.jpg"}],"twitter_card":"summary_large_image","twitter_misc":{"Est. reading time":"2 minutes"},"schema":{"@context":"https:\/\/schema.org","@graph":[{"@type":"WebSite","@id":"https:\/\/trailencoterotie.fr\/#website","url":"https:\/\/trailencoterotie.fr\/","name":"Trail en C\u00f4te-R\u00f4tie","description":"Un Trail \u00e0 l\u2019image de notre vignoble : intense et vertigineux !","potentialAction":[{"@type":"SearchAction","target":{"@type":"EntryPoint","urlTemplate":"https:\/\/trailencoterotie.fr\/?s={search_term_string}"},"query-input":"required name=search_term_string"}],"inLanguage":"en-GB"},{"@type":"ImageObject","@id":"https:\/\/trailencoterotie.fr\/pole-medical\/#primaryimage","inLanguage":"en-GB","url":"https:\/\/trailencoterotie.fr\/wp-content\/uploads\/2025\/07\/Dolpic-sponsor-du-Trail-en-cote-rotie-scaled.jpg","contentUrl":"https:\/\/trailencoterotie.fr\/wp-content\/uploads\/2025\/07\/Dolpic-sponsor-du-Trail-en-cote-rotie-scaled.jpg","width":2560,"height":1707},{"@type":"WebPage","@id":"https:\/\/trailencoterotie.fr\/pole-medical\/#webpage","url":"https:\/\/trailencoterotie.fr\/pole-medical\/","name":"P\u00f4le m\u00e9dical - Trail en C\u00f4te-R\u00f4tie","isPartOf":{"@id":"https:\/\/trailencoterotie.fr\/#website"},"primaryImageOfPage":{"@id":"https:\/\/trailencoterotie.fr\/pole-medical\/#primaryimage"},"datePublished":"2023-05-09T08:53:10+00:00","dateModified":"2025-07-25T09:48:21+00:00","description":"Apr\u00e8s votre course, un p\u00f4le m\u00e9dical est \u00e0 votre disposition o\u00f9 une \u00e9quipe de soins (kin\u00e9, ost\u00e9opathe, m\u00e9decin, podologue) vous accueille","breadcrumb":{"@id":"https:\/\/trailencoterotie.fr\/pole-medical\/#breadcrumb"},"inLanguage":"en-GB","potentialAction":[{"@type":"ReadAction","target":["https:\/\/trailencoterotie.fr\/pole-medical\/"]}]},{"@type":"BreadcrumbList","@id":"https:\/\/trailencoterotie.fr\/pole-medical\/#breadcrumb","itemListElement":[{"@type":"ListItem","position":1,"name":"Accueil","item":"https:\/\/trailencoterotie.fr\/"},{"@type":"ListItem","position":2,"name":"P\u00f4le m\u00e9dical"}]}]}},"_links":{"self":[{"href":"https:\/\/trailencoterotie.fr\/en\/wp-json\/wp\/v2\/pages\/1564"}],"collection":[{"href":"https:\/\/trailencoterotie.fr\/en\/wp-json\/wp\/v2\/pages"}],"about":[{"href":"https:\/\/trailencoterotie.fr\/en\/wp-json\/wp\/v2\/types\/page"}],"author":[{"embeddable":true,"href":"https:\/\/trailencoterotie.fr\/en\/wp-json\/wp\/v2\/users\/2"}],"replies":[{"embeddable":true,"href":"https:\/\/trailencoterotie.fr\/en\/wp-json\/wp\/v2\/comments?post=1564"}],"version-history":[{"count":79,"href":"https:\/\/trailencoterotie.fr\/en\/wp-json\/wp\/v2\/pages\/1564\/revisions"}],"predecessor-version":[{"id":2833,"href":"https:\/\/trailencoterotie.fr\/en\/wp-json\/wp\/v2\/pages\/1564\/revisions\/2833"}],"wp:attachment":[{"href":"https:\/\/trailencoterotie.fr\/en\/wp-json\/wp\/v2\/media?parent=1564"}],"curies":[{"name":"wp","href":"https:\/\/api.w.org\/{rel}","templated":true}]}}