{"id":3,"date":"2022-03-17T14:43:41","date_gmt":"2022-03-17T13:43:41","guid":{"rendered":"http:\/\/trail-test.e-keyleo.fr\/?page_id=3"},"modified":"2022-05-18T09:57:19","modified_gmt":"2022-05-18T07:57:19","slug":"politique-de-confidentialite","status":"publish","type":"page","link":"https:\/\/trailencoterotie.fr\/en\/politique-de-confidentialite\/","title":{"rendered":"Politique de confidentialit\u00e9"},"content":{"rendered":"<div data-elementor-type=\"wp-page\" data-elementor-id=\"3\" class=\"elementor elementor-3\">\n\t\t\t\t\t\t<div class=\"elementor-inner\">\n\t\t\t\t<div class=\"elementor-section-wrap\">\n\t\t\t\t\t\t\t\t\t<section class=\"elementor-section elementor-top-section elementor-element elementor-element-001cd95 elementor-section-boxed elementor-section-height-default elementor-section-height-default\" data-id=\"001cd95\" data-element_type=\"section\" data-settings=\"{&quot;background_background&quot;:&quot;classic&quot;}\">\n\t\t\t\t\t\t\t<div class=\"elementor-background-overlay\"><\/div>\n\t\t\t\t\t\t\t<div class=\"elementor-container elementor-column-gap-default\">\n\t\t\t\t\t\t\t<div class=\"elementor-row\">\n\t\t\t\t\t<div class=\"elementor-column elementor-col-100 elementor-top-column elementor-element elementor-element-5103eb0\" data-id=\"5103eb0\" data-element_type=\"column\">\n\t\t\t<div class=\"elementor-column-wrap elementor-element-populated\">\n\t\t\t\t\t\t\t<div class=\"elementor-widget-wrap\">\n\t\t\t\t\t\t<div class=\"elementor-element elementor-element-5e813e1 elementor-widget elementor-widget-heading\" data-id=\"5e813e1\" data-element_type=\"widget\" data-widget_type=\"heading.default\">\n\t\t\t\t<div class=\"elementor-widget-container\">\n\t\t\t<h1 class=\"elementor-heading-title elementor-size-default\">Mentions l\u00e9gales &amp; Politique de confidentialit\u00e9<\/h1>\t\t<\/div>\n\t\t\t\t<\/div>\n\t\t\t\t\t\t<\/div>\n\t\t\t\t\t<\/div>\n\t\t<\/div>\n\t\t\t\t\t\t\t\t<\/div>\n\t\t\t\t\t<\/div>\n\t\t<\/section>\n\t\t\t\t<section class=\"elementor-section elementor-top-section elementor-element elementor-element-49808e06 elementor-section-boxed elementor-section-height-default elementor-section-height-default\" data-id=\"49808e06\" data-element_type=\"section\">\n\t\t\t\t\t\t<div class=\"elementor-container elementor-column-gap-default\">\n\t\t\t\t\t\t\t<div class=\"elementor-row\">\n\t\t\t\t\t<div class=\"elementor-column elementor-col-100 elementor-top-column elementor-element elementor-element-67c57faf\" data-id=\"67c57faf\" data-element_type=\"column\">\n\t\t\t<div class=\"elementor-column-wrap elementor-element-populated\">\n\t\t\t\t\t\t\t<div class=\"elementor-widget-wrap\">\n\t\t\t\t\t\t<div class=\"elementor-element elementor-element-2c32f35 elementor-widget elementor-widget-text-editor\" data-id=\"2c32f35\" data-element_type=\"widget\" data-widget_type=\"text-editor.default\">\n\t\t\t\t<div class=\"elementor-widget-container\">\n\t\t\t\t\t\t\t\t<div class=\"elementor-text-editor elementor-clearfix\">\n\t\t\t\t<p><!-- wp:heading --><\/p>\n<h2>Who are we ?<\/h2>\n<p><!-- \/wp:heading --><!-- wp:paragraph --><\/p>\n<p>Our website address is: https:\/\/trailencoterotie.fr.<\/p>\n<p><!-- \/wp:paragraph --><!-- wp:heading --><\/p>\n<h2>Publication Director:<\/h2>\n<p>Olivier Pascual<br>Email : trailencoterotie@ampuis.com<\/p>\n<h3>Website creation and hosting:<\/h3>\n<p>E-Obs Technologies<br>55 Rue St Alban, 42300 Roanne<\/p>\n<h2>Use of personal data collected<\/h2>\n<h3>Contact forms<\/h3>\n<p>The contact form used on this site is Elementor. The data provided (name, email, etc.) is not stored. It is only used to respond to you if necessary.<\/p>\n<h3>Cookies<\/h3>\n<p>We and our trusted partners use cookies and other technologies in our related services, including when you visit our Site or access our services.&nbsp;<\/p>\n<p>A \u201ccookie\u201d is a small piece of information that a website assigns to your device when you visit the website. Cookies are very useful and can be used for a variety of purposes, including allowing you to navigate between pages efficiently, enabling certain features to turn on automatically, remembering your preferences, and making it faster and easier for you to interact with our Services. Cookies are also used to ensure that the advertisements you see are relevant to your interests and personalized accordingly, as well as to compile statistical data about your use of our Services.&nbsp;<\/p>\n<p>The Site uses the following types of cookies:<\/p>\n<p>a. \u201cSession cookies\u201d which are stored only temporarily during your browsing session to enable normal use of the system, and are deleted from your device when you close the browser;&nbsp;<\/p>\n<p>b. \u201cPersistent cookies\u201d which are only read by the Site, which are stored on your computer for a fixed period and are not deleted when the browser is closed. These cookies are used when we need to recognize you on repeat visits, for example, to allow us to remember your preferences the next time you log in;&nbsp;<\/p>\n<p>c. \u201cThird-party\u201d cookies that are set by other online services that manage content on the page you are viewing, for example, by third-party analytics companies that monitor and analyze our web access.<\/p>\n<p>Cookies do not contain any information that personally identifies you, but we may associate Personal Information that we store about you with the information stored in and obtained from cookies.<\/p>\n<p>You can delete cookies by following the instructions in your device preferences. Please note, however, that if you choose to disable cookies, some features of our Site may not function properly and your online experience may be limited.<\/p>\n<p>In Chrome: Click on the menu icon in the top right corner of the browser. Click on \"Settings\". Select \"Show advanced settings\" and then in the \"Privacy\" section, click on \"Preferences\". Finally, on the \"Privacy\" tab, you can disable cookies.<\/p>\n<p>In Firefox: At the top of the window, click the Firefox button, then go to the \"Options\" tab. Click the \"Privacy\" tab. Set the Retention Rules to: \"use custom settings\" for history. And uncheck it to block cookies.<\/p>\n<p>In Internet Explorer: Go to the Tools tab \u2013 Internet options. Click on \u201cPrivacy\u201d and select \u201cBlock all cookies\u201d. Confirm by clicking OK.<\/p>\n<p>In Safari: Click the menu at the top right of the browser. Select \"Settings.\" Click \"Show advanced settings.\" Then, in the \"Privacy\" section, click \"Content settings.\" In the \"Cookies\" section, you can block cookies.<\/p>\n<p>Embedded content from other sites<\/p>\n<p>Articles on this site may include embedded content (e.g. videos, images, articles, etc.). Embedded content from other websites behaves in the exact same way as if the visitor has visited the other website.<\/p>\n<p>These websites may collect data about you, use cookies, embed third-party tracking tools, and track your interactions with this embedded content if you have an account connected to their website.<\/p>\n<h2>Contact Information<\/h2>\n<p>For any inquiries, please contact us by email: trailencoterotie@ampuis.com<\/p>\n<h2>Additional information<\/h2>\n<h3>How we protect your data<\/h3>\n<p>We take great care in implementing and maintaining the security of the Site and your information. While we implement reasonable measures to protect information, we cannot be responsible for the actions of persons who gain unauthorized access to or abuse our Site, and we make no warranty, express, implied, or otherwise, to prevent such access.<\/p>\n<p><!-- \/wp:paragraph --><\/p>\t\t\t\t\t<\/div>\n\t\t\t\t\t\t<\/div>\n\t\t\t\t<\/div>\n\t\t\t\t\t\t<\/div>\n\t\t\t\t\t<\/div>\n\t\t<\/div>\n\t\t\t\t\t\t\t\t<\/div>\n\t\t\t\t\t<\/div>\n\t\t<\/section>\n\t\t\t\t\t\t\t\t\t<\/div>\n\t\t\t<\/div>\n\t\t\t\t\t<\/div>","protected":false},"excerpt":{"rendered":"<p>Mentions l\u00e9gales &amp; Politique de confidentialit\u00e9 Qui sommes-nous&nbsp;? L\u2019adresse de notre site est : https:\/\/trailencoterotie.fr. Directeur de publication : Olivier PascualEmail : trailencoterotie@ampuis.com Cr\u00e9ation du site internet et h\u00e9bergeur : E-Obs Technologies55 Rue St Alban, 42300 Roanne Utilisation des donn\u00e9es personnelles collect\u00e9es Formulaires de contact Le formulaire de contact utilis\u00e9 sur ce site est Elementor. [&hellip;]<\/p>","protected":false},"author":1,"featured_media":0,"parent":0,"menu_order":0,"comment_status":"closed","ping_status":"open","template":"","meta":[],"yoast_head":"<!-- This site is optimized with the Yoast SEO plugin v18.6 - https:\/\/yoast.com\/wordpress\/plugins\/seo\/ -->\n<title>Politique de confidentialit\u00e9 - Trail en C\u00f4te-R\u00f4tie<\/title>\n<meta name=\"robots\" content=\"index, follow, max-snippet:-1, max-image-preview:large, max-video-preview:-1\" \/>\n<link rel=\"canonical\" href=\"https:\/\/trailencoterotie.fr\/en\/politique-de-confidentialite\/\" \/>\n<meta property=\"og:locale\" content=\"en_GB\" \/>\n<meta property=\"og:type\" content=\"article\" \/>\n<meta property=\"og:title\" content=\"Politique de confidentialit\u00e9 - Trail en C\u00f4te-R\u00f4tie\" \/>\n<meta property=\"og:description\" content=\"Mentions l\u00e9gales &amp; Politique de confidentialit\u00e9 Qui sommes-nous&nbsp;? L\u2019adresse de notre site est : https:\/\/trailencoterotie.fr. Directeur de publication : Olivier PascualEmail : trailencoterotie@ampuis.com Cr\u00e9ation du site internet et h\u00e9bergeur : E-Obs Technologies55 Rue St Alban, 42300 Roanne Utilisation des donn\u00e9es personnelles collect\u00e9es Formulaires de contact Le formulaire de contact utilis\u00e9 sur ce site est Elementor. [&hellip;]\" \/>\n<meta property=\"og:url\" content=\"https:\/\/trailencoterotie.fr\/en\/politique-de-confidentialite\/\" \/>\n<meta property=\"og:site_name\" content=\"Trail en C\u00f4te-R\u00f4tie\" \/>\n<meta property=\"article:modified_time\" content=\"2022-05-18T07:57:19+00:00\" \/>\n<meta name=\"twitter:card\" content=\"summary_large_image\" \/>\n<meta name=\"twitter:label1\" content=\"Est. reading time\" \/>\n\t<meta name=\"twitter:data1\" content=\"4 minutes\" \/>\n<script type=\"application\/ld+json\" class=\"yoast-schema-graph\">{\"@context\":\"https:\/\/schema.org\",\"@graph\":[{\"@type\":\"WebSite\",\"@id\":\"https:\/\/trailencoterotie.fr\/#website\",\"url\":\"https:\/\/trailencoterotie.fr\/\",\"name\":\"Trail en C\u00f4te-R\u00f4tie\",\"description\":\"Un Trail \u00e0 l\u2019image de notre vignoble : intense et vertigineux !\",\"potentialAction\":[{\"@type\":\"SearchAction\",\"target\":{\"@type\":\"EntryPoint\",\"urlTemplate\":\"https:\/\/trailencoterotie.fr\/?s={search_term_string}\"},\"query-input\":\"required name=search_term_string\"}],\"inLanguage\":\"en-GB\"},{\"@type\":\"WebPage\",\"@id\":\"https:\/\/trailencoterotie.fr\/politique-de-confidentialite\/#webpage\",\"url\":\"https:\/\/trailencoterotie.fr\/politique-de-confidentialite\/\",\"name\":\"Politique de confidentialit\u00e9 - Trail en C\u00f4te-R\u00f4tie\",\"isPartOf\":{\"@id\":\"https:\/\/trailencoterotie.fr\/#website\"},\"datePublished\":\"2022-03-17T13:43:41+00:00\",\"dateModified\":\"2022-05-18T07:57:19+00:00\",\"breadcrumb\":{\"@id\":\"https:\/\/trailencoterotie.fr\/politique-de-confidentialite\/#breadcrumb\"},\"inLanguage\":\"en-GB\",\"potentialAction\":[{\"@type\":\"ReadAction\",\"target\":[\"https:\/\/trailencoterotie.fr\/politique-de-confidentialite\/\"]}]},{\"@type\":\"BreadcrumbList\",\"@id\":\"https:\/\/trailencoterotie.fr\/politique-de-confidentialite\/#breadcrumb\",\"itemListElement\":[{\"@type\":\"ListItem\",\"position\":1,\"name\":\"Accueil\",\"item\":\"https:\/\/trailencoterotie.fr\/\"},{\"@type\":\"ListItem\",\"position\":2,\"name\":\"Politique de confidentialit\u00e9\"}]}]}<\/script>\n<!-- \/ Yoast SEO plugin. -->","yoast_head_json":{"title":"Politique de confidentialit\u00e9 - Trail en C\u00f4te-R\u00f4tie","robots":{"index":"index","follow":"follow","max-snippet":"max-snippet:-1","max-image-preview":"max-image-preview:large","max-video-preview":"max-video-preview:-1"},"canonical":"https:\/\/trailencoterotie.fr\/en\/politique-de-confidentialite\/","og_locale":"en_GB","og_type":"article","og_title":"Politique de confidentialit\u00e9 - Trail en C\u00f4te-R\u00f4tie","og_description":"Mentions l\u00e9gales &amp; Politique de confidentialit\u00e9 Qui sommes-nous&nbsp;? L\u2019adresse de notre site est : https:\/\/trailencoterotie.fr. Directeur de publication : Olivier PascualEmail : trailencoterotie@ampuis.com Cr\u00e9ation du site internet et h\u00e9bergeur : E-Obs Technologies55 Rue St Alban, 42300 Roanne Utilisation des donn\u00e9es personnelles collect\u00e9es Formulaires de contact Le formulaire de contact utilis\u00e9 sur ce site est Elementor. [&hellip;]","og_url":"https:\/\/trailencoterotie.fr\/en\/politique-de-confidentialite\/","og_site_name":"Trail en C\u00f4te-R\u00f4tie","article_modified_time":"2022-05-18T07:57:19+00:00","twitter_card":"summary_large_image","twitter_misc":{"Est. reading time":"4 minutes"},"schema":{"@context":"https:\/\/schema.org","@graph":[{"@type":"WebSite","@id":"https:\/\/trailencoterotie.fr\/#website","url":"https:\/\/trailencoterotie.fr\/","name":"Trail en C\u00f4te-R\u00f4tie","description":"Un Trail \u00e0 l\u2019image de notre vignoble : intense et vertigineux !","potentialAction":[{"@type":"SearchAction","target":{"@type":"EntryPoint","urlTemplate":"https:\/\/trailencoterotie.fr\/?s={search_term_string}"},"query-input":"required name=search_term_string"}],"inLanguage":"en-GB"},{"@type":"WebPage","@id":"https:\/\/trailencoterotie.fr\/politique-de-confidentialite\/#webpage","url":"https:\/\/trailencoterotie.fr\/politique-de-confidentialite\/","name":"Politique de confidentialit\u00e9 - Trail en C\u00f4te-R\u00f4tie","isPartOf":{"@id":"https:\/\/trailencoterotie.fr\/#website"},"datePublished":"2022-03-17T13:43:41+00:00","dateModified":"2022-05-18T07:57:19+00:00","breadcrumb":{"@id":"https:\/\/trailencoterotie.fr\/politique-de-confidentialite\/#breadcrumb"},"inLanguage":"en-GB","potentialAction":[{"@type":"ReadAction","target":["https:\/\/trailencoterotie.fr\/politique-de-confidentialite\/"]}]},{"@type":"BreadcrumbList","@id":"https:\/\/trailencoterotie.fr\/politique-de-confidentialite\/#breadcrumb","itemListElement":[{"@type":"ListItem","position":1,"name":"Accueil","item":"https:\/\/trailencoterotie.fr\/"},{"@type":"ListItem","position":2,"name":"Politique de confidentialit\u00e9"}]}]}},"_links":{"self":[{"href":"https:\/\/trailencoterotie.fr\/en\/wp-json\/wp\/v2\/pages\/3"}],"collection":[{"href":"https:\/\/trailencoterotie.fr\/en\/wp-json\/wp\/v2\/pages"}],"about":[{"href":"https:\/\/trailencoterotie.fr\/en\/wp-json\/wp\/v2\/types\/page"}],"author":[{"embeddable":true,"href":"https:\/\/trailencoterotie.fr\/en\/wp-json\/wp\/v2\/users\/1"}],"replies":[{"embeddable":true,"href":"https:\/\/trailencoterotie.fr\/en\/wp-json\/wp\/v2\/comments?post=3"}],"version-history":[{"count":9,"href":"https:\/\/trailencoterotie.fr\/en\/wp-json\/wp\/v2\/pages\/3\/revisions"}],"predecessor-version":[{"id":787,"href":"https:\/\/trailencoterotie.fr\/en\/wp-json\/wp\/v2\/pages\/3\/revisions\/787"}],"wp:attachment":[{"href":"https:\/\/trailencoterotie.fr\/en\/wp-json\/wp\/v2\/media?parent=3"}],"curies":[{"name":"wp","href":"https:\/\/api.w.org\/{rel}","templated":true}]}}