{"id":373,"date":"2022-03-31T11:56:22","date_gmt":"2022-03-31T09:56:22","guid":{"rendered":"http:\/\/trail-test.e-keyleo.fr\/?page_id=373"},"modified":"2026-04-23T16:34:15","modified_gmt":"2026-04-23T14:34:15","slug":"inscriptions-trail-en-cote-rotie","status":"publish","type":"page","link":"https:\/\/trailencoterotie.fr\/en\/inscriptions-trail-en-cote-rotie\/","title":{"rendered":"Registrations"},"content":{"rendered":"<div data-elementor-type=\"wp-page\" data-elementor-id=\"373\" class=\"elementor elementor-373\">\n\t\t\t\t\t\t<div class=\"elementor-inner\">\n\t\t\t\t<div class=\"elementor-section-wrap\">\n\t\t\t\t\t\t\t\t\t<section class=\"elementor-section elementor-top-section elementor-element elementor-element-05eca96 elementor-section-boxed elementor-section-height-default elementor-section-height-default\" data-id=\"05eca96\" data-element_type=\"section\" data-settings=\"{&quot;background_background&quot;:&quot;classic&quot;}\">\n\t\t\t\t\t\t\t<div class=\"elementor-background-overlay\"><\/div>\n\t\t\t\t\t\t\t<div class=\"elementor-container elementor-column-gap-default\">\n\t\t\t\t\t\t\t<div class=\"elementor-row\">\n\t\t\t\t\t<div class=\"elementor-column elementor-col-100 elementor-top-column elementor-element elementor-element-3a80c7b\" data-id=\"3a80c7b\" data-element_type=\"column\">\n\t\t\t<div class=\"elementor-column-wrap elementor-element-populated\">\n\t\t\t\t\t\t\t<div class=\"elementor-widget-wrap\">\n\t\t\t\t\t\t<div class=\"elementor-element elementor-element-b1f1a71 elementor-widget elementor-widget-heading\" data-id=\"b1f1a71\" data-element_type=\"widget\" data-widget_type=\"heading.default\">\n\t\t\t\t<div class=\"elementor-widget-container\">\n\t\t\t<h1 class=\"elementor-heading-title elementor-size-default\">Registrations<\/h1>\t\t<\/div>\n\t\t\t\t<\/div>\n\t\t\t\t\t\t<\/div>\n\t\t\t\t\t<\/div>\n\t\t<\/div>\n\t\t\t\t\t\t\t\t<\/div>\n\t\t\t\t\t<\/div>\n\t\t<\/section>\n\t\t\t\t<section class=\"elementor-section elementor-top-section elementor-element elementor-element-9879002 elementor-section-boxed elementor-section-height-default elementor-section-height-default\" data-id=\"9879002\" data-element_type=\"section\">\n\t\t\t\t\t\t<div class=\"elementor-container elementor-column-gap-default\">\n\t\t\t\t\t\t\t<div class=\"elementor-row\">\n\t\t\t\t\t<div class=\"elementor-column elementor-col-100 elementor-top-column elementor-element elementor-element-c9b7b12\" data-id=\"c9b7b12\" data-element_type=\"column\">\n\t\t\t<div class=\"elementor-column-wrap elementor-element-populated\">\n\t\t\t\t\t\t\t<div class=\"elementor-widget-wrap\">\n\t\t\t\t\t\t<div class=\"elementor-element elementor-element-e030e55 elementor-widget elementor-widget-spacer\" data-id=\"e030e55\" data-element_type=\"widget\" data-widget_type=\"spacer.default\">\n\t\t\t\t<div class=\"elementor-widget-container\">\n\t\t\t\t\t<div class=\"elementor-spacer\">\n\t\t\t<div class=\"elementor-spacer-inner\"><\/div>\n\t\t<\/div>\n\t\t\t\t<\/div>\n\t\t\t\t<\/div>\n\t\t\t\t\t\t<\/div>\n\t\t\t\t\t<\/div>\n\t\t<\/div>\n\t\t\t\t\t\t\t\t<\/div>\n\t\t\t\t\t<\/div>\n\t\t<\/section>\n\t\t\t\t<section class=\"elementor-section elementor-top-section elementor-element elementor-element-d1cd948 elementor-section-boxed elementor-section-height-default elementor-section-height-default\" data-id=\"d1cd948\" data-element_type=\"section\">\n\t\t\t\t\t\t<div class=\"elementor-container elementor-column-gap-default\">\n\t\t\t\t\t\t\t<div class=\"elementor-row\">\n\t\t\t\t\t<div class=\"elementor-column elementor-col-100 elementor-top-column elementor-element elementor-element-0a187a0\" data-id=\"0a187a0\" data-element_type=\"column\">\n\t\t\t<div class=\"elementor-column-wrap\">\n\t\t\t\t\t\t\t<div class=\"elementor-widget-wrap\">\n\t\t\t\t\t\t\t\t<\/div>\n\t\t\t\t\t<\/div>\n\t\t<\/div>\n\t\t\t\t\t\t\t\t<\/div>\n\t\t\t\t\t<\/div>\n\t\t<\/section>\n\t\t\t\t<section class=\"elementor-section elementor-top-section elementor-element elementor-element-d84d44d elementor-section-boxed elementor-section-height-default elementor-section-height-default\" data-id=\"d84d44d\" data-element_type=\"section\">\n\t\t\t\t\t\t<div class=\"elementor-container elementor-column-gap-default\">\n\t\t\t\t\t\t\t<div class=\"elementor-row\">\n\t\t\t\t\t<div class=\"elementor-column elementor-col-50 elementor-top-column elementor-element elementor-element-2bfdcca\" data-id=\"2bfdcca\" data-element_type=\"column\">\n\t\t\t<div class=\"elementor-column-wrap elementor-element-populated\">\n\t\t\t\t\t\t\t<div class=\"elementor-widget-wrap\">\n\t\t\t\t\t\t<div class=\"elementor-element elementor-element-b4f373f elementor-align-right elementor-mobile-align-center elementor-widget elementor-widget-button\" data-id=\"b4f373f\" data-element_type=\"widget\" data-widget_type=\"button.default\">\n\t\t\t\t<div class=\"elementor-widget-container\">\n\t\t\t\t\t<div class=\"elementor-button-wrapper\">\n\t\t\t<a href=\"https:\/\/docs.google.com\/forms\/d\/e\/1FAIpQLSezH9KRnV9acYw4JAH_Hy_e2gRvakwlvaUpCfLme_aKu7mHag\/viewform?usp=dialog\" rel=\"nofollow\" class=\"elementor-button-link elementor-button elementor-size-md\" role=\"button\">\n\t\t\t\t\t\t<span class=\"elementor-button-content-wrapper\">\n\t\t\t\t\t\t<span class=\"elementor-button-text\">Children's races<\/span>\n\t\t<\/span>\n\t\t\t\t\t<\/a>\n\t\t<\/div>\n\t\t\t\t<\/div>\n\t\t\t\t<\/div>\n\t\t\t\t\t\t<\/div>\n\t\t\t\t\t<\/div>\n\t\t<\/div>\n\t\t\t\t<div class=\"elementor-column elementor-col-50 elementor-top-column elementor-element elementor-element-63f2492\" data-id=\"63f2492\" data-element_type=\"column\">\n\t\t\t<div class=\"elementor-column-wrap elementor-element-populated\">\n\t\t\t\t\t\t\t<div class=\"elementor-widget-wrap\">\n\t\t\t\t\t\t<div class=\"elementor-element elementor-element-144f00d elementor-align-left elementor-mobile-align-center elementor-widget elementor-widget-button\" data-id=\"144f00d\" data-element_type=\"widget\" data-widget_type=\"button.default\">\n\t\t\t\t<div class=\"elementor-widget-container\">\n\t\t\t\t\t<div class=\"elementor-button-wrapper\">\n\t\t\t<a href=\"https:\/\/www.helloasso.com\/associations\/ampuis-sports-outdoor\/evenements\/randonnees-les-vendangettes\" target=\"_blank\" class=\"elementor-button-link elementor-button elementor-size-md\" role=\"button\">\n\t\t\t\t\t\t<span class=\"elementor-button-content-wrapper\">\n\t\t\t\t\t\t<span class=\"elementor-button-text\">Hikes<\/span>\n\t\t<\/span>\n\t\t\t\t\t<\/a>\n\t\t<\/div>\n\t\t\t\t<\/div>\n\t\t\t\t<\/div>\n\t\t\t\t\t\t<\/div>\n\t\t\t\t\t<\/div>\n\t\t<\/div>\n\t\t\t\t\t\t\t\t<\/div>\n\t\t\t\t\t<\/div>\n\t\t<\/section>\n\t\t\t\t<section class=\"elementor-section elementor-top-section elementor-element elementor-element-6dd75fe elementor-section-boxed elementor-section-height-default elementor-section-height-default\" data-id=\"6dd75fe\" data-element_type=\"section\" data-settings=\"{&quot;background_background&quot;:&quot;classic&quot;}\">\n\t\t\t\t\t\t<div class=\"elementor-container elementor-column-gap-default\">\n\t\t\t\t\t\t\t<div class=\"elementor-row\">\n\t\t\t\t\t<div class=\"elementor-column elementor-col-100 elementor-top-column elementor-element elementor-element-5478912\" data-id=\"5478912\" data-element_type=\"column\">\n\t\t\t<div class=\"elementor-column-wrap elementor-element-populated\">\n\t\t\t\t\t\t\t<div class=\"elementor-widget-wrap\">\n\t\t\t\t\t\t<div class=\"elementor-element elementor-element-89d53d6 elementor-widget elementor-widget-html\" data-id=\"89d53d6\" data-element_type=\"widget\" data-widget_type=\"html.default\">\n\t\t\t\t<div class=\"elementor-widget-container\">\n\t\t\t<iframe src=\"https:\/\/www.finishers.com\/course\/trail-en-cote-rotie\" height=\"2900px\"><\/iframe>\t\t<\/div>\n\t\t\t\t<\/div>\n\t\t\t\t\t\t<\/div>\n\t\t\t\t\t<\/div>\n\t\t<\/div>\n\t\t\t\t\t\t\t\t<\/div>\n\t\t\t\t\t<\/div>\n\t\t<\/section>\n\t\t\t\t\t\t\t\t\t<\/div>\n\t\t\t<\/div>\n\t\t\t\t\t<\/div>","protected":false},"excerpt":{"rendered":"<p>Inscriptions Les courses enfants Les randonn\u00e9es<\/p>","protected":false},"author":1,"featured_media":0,"parent":0,"menu_order":0,"comment_status":"closed","ping_status":"closed","template":"elementor_header_footer","meta":[],"yoast_head":"<!-- This site is optimized with the Yoast SEO plugin v18.6 - https:\/\/yoast.com\/wordpress\/plugins\/seo\/ -->\n<title>Inscriptions - Trail en C\u00f4te-R\u00f4tie<\/title>\n<meta name=\"description\" content=\"Trail en C\u00f4te-R\u00f4tie : les inscriptions sont ouvertes. 46 km, 25 km, 13 km, randos et courses enfants t\u2019attendent. Pr\u00eat(e) \u00e0 relever le d\u00e9fi ?\" \/>\n<meta name=\"robots\" content=\"index, follow, max-snippet:-1, max-image-preview:large, max-video-preview:-1\" \/>\n<link rel=\"canonical\" href=\"https:\/\/trailencoterotie.fr\/en\/inscriptions-trail-en-cote-rotie\/\" \/>\n<meta property=\"og:locale\" content=\"en_GB\" \/>\n<meta property=\"og:type\" content=\"article\" \/>\n<meta property=\"og:title\" content=\"Inscriptions - Trail en C\u00f4te-R\u00f4tie\" \/>\n<meta property=\"og:description\" content=\"Trail en C\u00f4te-R\u00f4tie : les inscriptions sont ouvertes. 46 km, 25 km, 13 km, randos et courses enfants t\u2019attendent. Pr\u00eat(e) \u00e0 relever le d\u00e9fi ?\" \/>\n<meta property=\"og:url\" content=\"https:\/\/trailencoterotie.fr\/en\/inscriptions-trail-en-cote-rotie\/\" \/>\n<meta property=\"og:site_name\" content=\"Trail en C\u00f4te-R\u00f4tie\" \/>\n<meta property=\"article:modified_time\" content=\"2026-04-23T14:34:15+00:00\" \/>\n<meta name=\"twitter:card\" content=\"summary_large_image\" \/>\n<meta name=\"twitter:label1\" content=\"Est. reading time\" \/>\n\t<meta name=\"twitter:data1\" content=\"1 minute\" \/>\n<script type=\"application\/ld+json\" class=\"yoast-schema-graph\">{\"@context\":\"https:\/\/schema.org\",\"@graph\":[{\"@type\":\"WebSite\",\"@id\":\"https:\/\/trailencoterotie.fr\/#website\",\"url\":\"https:\/\/trailencoterotie.fr\/\",\"name\":\"Trail en C\u00f4te-R\u00f4tie\",\"description\":\"Un Trail \u00e0 l\u2019image de notre vignoble : intense et vertigineux !\",\"potentialAction\":[{\"@type\":\"SearchAction\",\"target\":{\"@type\":\"EntryPoint\",\"urlTemplate\":\"https:\/\/trailencoterotie.fr\/?s={search_term_string}\"},\"query-input\":\"required name=search_term_string\"}],\"inLanguage\":\"en-GB\"},{\"@type\":\"WebPage\",\"@id\":\"https:\/\/trailencoterotie.fr\/inscriptions-trail-en-cote-rotie\/#webpage\",\"url\":\"https:\/\/trailencoterotie.fr\/inscriptions-trail-en-cote-rotie\/\",\"name\":\"Inscriptions - Trail en C\u00f4te-R\u00f4tie\",\"isPartOf\":{\"@id\":\"https:\/\/trailencoterotie.fr\/#website\"},\"datePublished\":\"2022-03-31T09:56:22+00:00\",\"dateModified\":\"2026-04-23T14:34:15+00:00\",\"description\":\"Trail en C\u00f4te-R\u00f4tie : les inscriptions sont ouvertes. 46 km, 25 km, 13 km, randos et courses enfants t\u2019attendent. Pr\u00eat(e) \u00e0 relever le d\u00e9fi ?\",\"breadcrumb\":{\"@id\":\"https:\/\/trailencoterotie.fr\/inscriptions-trail-en-cote-rotie\/#breadcrumb\"},\"inLanguage\":\"en-GB\",\"potentialAction\":[{\"@type\":\"ReadAction\",\"target\":[\"https:\/\/trailencoterotie.fr\/inscriptions-trail-en-cote-rotie\/\"]}]},{\"@type\":\"BreadcrumbList\",\"@id\":\"https:\/\/trailencoterotie.fr\/inscriptions-trail-en-cote-rotie\/#breadcrumb\",\"itemListElement\":[{\"@type\":\"ListItem\",\"position\":1,\"name\":\"Accueil\",\"item\":\"https:\/\/trailencoterotie.fr\/\"},{\"@type\":\"ListItem\",\"position\":2,\"name\":\"Inscriptions\"}]}]}<\/script>\n<!-- \/ Yoast SEO plugin. -->","yoast_head_json":{"title":"Inscriptions - Trail en C\u00f4te-R\u00f4tie","description":"Trail en C\u00f4te-R\u00f4tie : les inscriptions sont ouvertes. 46 km, 25 km, 13 km, randos et courses enfants t\u2019attendent. Pr\u00eat(e) \u00e0 relever le d\u00e9fi ?","robots":{"index":"index","follow":"follow","max-snippet":"max-snippet:-1","max-image-preview":"max-image-preview:large","max-video-preview":"max-video-preview:-1"},"canonical":"https:\/\/trailencoterotie.fr\/en\/inscriptions-trail-en-cote-rotie\/","og_locale":"en_GB","og_type":"article","og_title":"Inscriptions - Trail en C\u00f4te-R\u00f4tie","og_description":"Trail en C\u00f4te-R\u00f4tie : les inscriptions sont ouvertes. 46 km, 25 km, 13 km, randos et courses enfants t\u2019attendent. Pr\u00eat(e) \u00e0 relever le d\u00e9fi ?","og_url":"https:\/\/trailencoterotie.fr\/en\/inscriptions-trail-en-cote-rotie\/","og_site_name":"Trail en C\u00f4te-R\u00f4tie","article_modified_time":"2026-04-23T14:34:15+00:00","twitter_card":"summary_large_image","twitter_misc":{"Est. reading time":"1 minute"},"schema":{"@context":"https:\/\/schema.org","@graph":[{"@type":"WebSite","@id":"https:\/\/trailencoterotie.fr\/#website","url":"https:\/\/trailencoterotie.fr\/","name":"Trail en C\u00f4te-R\u00f4tie","description":"Un Trail \u00e0 l\u2019image de notre vignoble : intense et vertigineux !","potentialAction":[{"@type":"SearchAction","target":{"@type":"EntryPoint","urlTemplate":"https:\/\/trailencoterotie.fr\/?s={search_term_string}"},"query-input":"required name=search_term_string"}],"inLanguage":"en-GB"},{"@type":"WebPage","@id":"https:\/\/trailencoterotie.fr\/inscriptions-trail-en-cote-rotie\/#webpage","url":"https:\/\/trailencoterotie.fr\/inscriptions-trail-en-cote-rotie\/","name":"Inscriptions - Trail en C\u00f4te-R\u00f4tie","isPartOf":{"@id":"https:\/\/trailencoterotie.fr\/#website"},"datePublished":"2022-03-31T09:56:22+00:00","dateModified":"2026-04-23T14:34:15+00:00","description":"Trail en C\u00f4te-R\u00f4tie : les inscriptions sont ouvertes. 46 km, 25 km, 13 km, randos et courses enfants t\u2019attendent. Pr\u00eat(e) \u00e0 relever le d\u00e9fi ?","breadcrumb":{"@id":"https:\/\/trailencoterotie.fr\/inscriptions-trail-en-cote-rotie\/#breadcrumb"},"inLanguage":"en-GB","potentialAction":[{"@type":"ReadAction","target":["https:\/\/trailencoterotie.fr\/inscriptions-trail-en-cote-rotie\/"]}]},{"@type":"BreadcrumbList","@id":"https:\/\/trailencoterotie.fr\/inscriptions-trail-en-cote-rotie\/#breadcrumb","itemListElement":[{"@type":"ListItem","position":1,"name":"Accueil","item":"https:\/\/trailencoterotie.fr\/"},{"@type":"ListItem","position":2,"name":"Inscriptions"}]}]}},"_links":{"self":[{"href":"https:\/\/trailencoterotie.fr\/en\/wp-json\/wp\/v2\/pages\/373"}],"collection":[{"href":"https:\/\/trailencoterotie.fr\/en\/wp-json\/wp\/v2\/pages"}],"about":[{"href":"https:\/\/trailencoterotie.fr\/en\/wp-json\/wp\/v2\/types\/page"}],"author":[{"embeddable":true,"href":"https:\/\/trailencoterotie.fr\/en\/wp-json\/wp\/v2\/users\/1"}],"replies":[{"embeddable":true,"href":"https:\/\/trailencoterotie.fr\/en\/wp-json\/wp\/v2\/comments?post=373"}],"version-history":[{"count":72,"href":"https:\/\/trailencoterotie.fr\/en\/wp-json\/wp\/v2\/pages\/373\/revisions"}],"predecessor-version":[{"id":3178,"href":"https:\/\/trailencoterotie.fr\/en\/wp-json\/wp\/v2\/pages\/373\/revisions\/3178"}],"wp:attachment":[{"href":"https:\/\/trailencoterotie.fr\/en\/wp-json\/wp\/v2\/media?parent=373"}],"curies":[{"name":"wp","href":"https:\/\/api.w.org\/{rel}","templated":true}]}}