{"id":393,"date":"2022-04-04T09:37:19","date_gmt":"2022-04-04T07:37:19","guid":{"rendered":"http:\/\/trail-test.e-keyleo.fr\/?page_id=393"},"modified":"2025-12-02T17:11:29","modified_gmt":"2025-12-02T16:11:29","slug":"benevoles","status":"publish","type":"page","link":"https:\/\/trailencoterotie.fr\/en\/benevoles\/","title":{"rendered":"Volunteers"},"content":{"rendered":"<div data-elementor-type=\"wp-page\" data-elementor-id=\"393\" class=\"elementor elementor-393\">\n\t\t\t\t\t\t<div class=\"elementor-inner\">\n\t\t\t\t<div class=\"elementor-section-wrap\">\n\t\t\t\t\t\t\t\t\t<section class=\"elementor-section elementor-top-section elementor-element elementor-element-a28d1a0 elementor-section-boxed elementor-section-height-default elementor-section-height-default\" data-id=\"a28d1a0\" data-element_type=\"section\" data-settings=\"{&quot;background_background&quot;:&quot;classic&quot;}\">\n\t\t\t\t\t\t<div class=\"elementor-container elementor-column-gap-default\">\n\t\t\t\t\t\t\t<div class=\"elementor-row\">\n\t\t\t\t\t<div class=\"elementor-column elementor-col-100 elementor-top-column elementor-element elementor-element-325f6c2\" data-id=\"325f6c2\" data-element_type=\"column\">\n\t\t\t<div class=\"elementor-column-wrap elementor-element-populated\">\n\t\t\t\t\t\t\t<div class=\"elementor-widget-wrap\">\n\t\t\t\t\t\t<div class=\"elementor-element elementor-element-424781a elementor-widget elementor-widget-heading\" data-id=\"424781a\" data-element_type=\"widget\" data-widget_type=\"heading.default\">\n\t\t\t\t<div class=\"elementor-widget-container\">\n\t\t\t<h1 class=\"elementor-heading-title elementor-size-default\">Volunteers<\/h1>\t\t<\/div>\n\t\t\t\t<\/div>\n\t\t\t\t\t\t<\/div>\n\t\t\t\t\t<\/div>\n\t\t<\/div>\n\t\t\t\t\t\t\t\t<\/div>\n\t\t\t\t\t<\/div>\n\t\t<\/section>\n\t\t\t\t<section class=\"elementor-section elementor-top-section elementor-element elementor-element-ad40421 elementor-section-boxed elementor-section-height-default elementor-section-height-default\" data-id=\"ad40421\" data-element_type=\"section\">\n\t\t\t\t\t\t<div class=\"elementor-container elementor-column-gap-default\">\n\t\t\t\t\t\t\t<div class=\"elementor-row\">\n\t\t\t\t\t<div class=\"elementor-column elementor-col-100 elementor-top-column elementor-element elementor-element-b92f437\" data-id=\"b92f437\" data-element_type=\"column\">\n\t\t\t<div class=\"elementor-column-wrap elementor-element-populated\">\n\t\t\t\t\t\t\t<div class=\"elementor-widget-wrap\">\n\t\t\t\t\t\t<section class=\"elementor-section elementor-inner-section elementor-element elementor-element-18294e2 elementor-section-boxed elementor-section-height-default elementor-section-height-default\" data-id=\"18294e2\" data-element_type=\"section\" data-settings=\"{&quot;background_background&quot;:&quot;classic&quot;}\">\n\t\t\t\t\t\t<div class=\"elementor-container elementor-column-gap-wide\">\n\t\t\t\t\t\t\t<div class=\"elementor-row\">\n\t\t\t\t\t<div class=\"elementor-column elementor-col-100 elementor-inner-column elementor-element elementor-element-b10ebc3\" data-id=\"b10ebc3\" data-element_type=\"column\">\n\t\t\t<div class=\"elementor-column-wrap elementor-element-populated\">\n\t\t\t\t\t\t\t<div class=\"elementor-widget-wrap\">\n\t\t\t\t\t\t<div class=\"elementor-element elementor-element-782e46e elementor-widget elementor-widget-heading\" data-id=\"782e46e\" data-element_type=\"widget\" data-widget_type=\"heading.default\">\n\t\t\t\t<div class=\"elementor-widget-container\">\n\t\t\t<h2 class=\"elementor-heading-title elementor-size-default\">Would you like to get involved in organizing the Trail?<\/h2>\t\t<\/div>\n\t\t\t\t<\/div>\n\t\t\t\t<div class=\"elementor-element elementor-element-cf67eb1 elementor-align-center elementor-widget elementor-widget-button\" data-id=\"cf67eb1\" data-element_type=\"widget\" data-widget_type=\"button.default\">\n\t\t\t\t<div class=\"elementor-widget-container\">\n\t\t\t\t\t<div class=\"elementor-button-wrapper\">\n\t\t\t<a href=\"https:\/\/widget.weezevent.com\/crew\/organization\/1018\/event\/7084\/form\/13291\" target=\"_blank\" class=\"elementor-button-link elementor-button elementor-size-sm elementor-animation-float\" role=\"button\">\n\t\t\t\t\t\t<span class=\"elementor-button-content-wrapper\">\n\t\t\t\t\t\t<span class=\"elementor-button-text\">Volunteer registration<\/span>\n\t\t<\/span>\n\t\t\t\t\t<\/a>\n\t\t<\/div>\n\t\t\t\t<\/div>\n\t\t\t\t<\/div>\n\t\t\t\t<div class=\"elementor-element elementor-element-a5a9e34 elementor-widget elementor-widget-text-editor\" data-id=\"a5a9e34\" data-element_type=\"widget\" data-widget_type=\"text-editor.default\">\n\t\t\t\t<div class=\"elementor-widget-container\">\n\t\t\t\t\t\t\t\t<div class=\"elementor-text-editor elementor-clearfix\">\n\t\t\t\t<p>Would you like to bring a friendly atmosphere to this new sporting event in our beautiful region?<\/p><p>Would you like to take part in a great adventure alongside the runners?<\/p><p>Join the organizing staff for the 4th edition of the C\u00f4te-R\u00f4tie Trail. We need you! More than 200 volunteers will be in the village and along the courses to support and assist runners in achieving their personal challenge.<\/p><p>New this year, to facilitate the logistics and organization of our almost 200 volunteers, we are using the Recrewteer platform!<\/p>\t\t\t\t\t<\/div>\n\t\t\t\t\t\t<\/div>\n\t\t\t\t<\/div>\n\t\t\t\t\t\t<\/div>\n\t\t\t\t\t<\/div>\n\t\t<\/div>\n\t\t\t\t\t\t\t\t<\/div>\n\t\t\t\t\t<\/div>\n\t\t<\/section>\n\t\t\t\t\t\t<\/div>\n\t\t\t\t\t<\/div>\n\t\t<\/div>\n\t\t\t\t\t\t\t\t<\/div>\n\t\t\t\t\t<\/div>\n\t\t<\/section>\n\t\t\t\t<section class=\"elementor-section elementor-top-section elementor-element elementor-element-7de42d1 elementor-section-boxed elementor-section-height-default elementor-section-height-default\" data-id=\"7de42d1\" data-element_type=\"section\">\n\t\t\t\t\t\t<div class=\"elementor-container elementor-column-gap-default\">\n\t\t\t\t\t\t\t<div class=\"elementor-row\">\n\t\t\t\t\t<div class=\"elementor-column elementor-col-50 elementor-top-column elementor-element elementor-element-f6d2bfa\" data-id=\"f6d2bfa\" data-element_type=\"column\">\n\t\t\t<div class=\"elementor-column-wrap elementor-element-populated\">\n\t\t\t\t\t\t\t<div class=\"elementor-widget-wrap\">\n\t\t\t\t\t\t<div class=\"elementor-element elementor-element-a751b25 elementor-widget elementor-widget-heading\" data-id=\"a751b25\" data-element_type=\"widget\" data-widget_type=\"heading.default\">\n\t\t\t\t<div class=\"elementor-widget-container\">\n\t\t\t<h3 class=\"elementor-heading-title elementor-size-default\">Your help is essential to the success of this day.<\/h3>\t\t<\/div>\n\t\t\t\t<\/div>\n\t\t\t\t<div class=\"elementor-element elementor-element-1bafe29 e-transform elementor-widget elementor-widget-heading\" data-id=\"1bafe29\" data-element_type=\"widget\" data-settings=\"{&quot;_transform_rotateZ_effect&quot;:{&quot;unit&quot;:&quot;px&quot;,&quot;size&quot;:-5,&quot;sizes&quot;:[]},&quot;_transform_rotateZ_effect_tablet&quot;:{&quot;unit&quot;:&quot;px&quot;,&quot;size&quot;:&quot;&quot;,&quot;sizes&quot;:[]},&quot;_transform_rotateZ_effect_mobile&quot;:{&quot;unit&quot;:&quot;px&quot;,&quot;size&quot;:&quot;&quot;,&quot;sizes&quot;:[]}}\" data-widget_type=\"heading.default\">\n\t\t\t\t<div class=\"elementor-widget-container\">\n\t\t\t<p class=\"elementor-heading-title elementor-size-default\">Registration is open!<\/p>\t\t<\/div>\n\t\t\t\t<\/div>\n\t\t\t\t<div class=\"elementor-element elementor-element-042ebd7 elementor-widget elementor-widget-text-editor\" data-id=\"042ebd7\" data-element_type=\"widget\" data-widget_type=\"text-editor.default\">\n\t\t\t\t<div class=\"elementor-widget-container\">\n\t\t\t\t\t\t\t\t<div class=\"elementor-text-editor elementor-clearfix\">\n\t\t\t\t<p>After registering, you will be contacted for an organizational meeting in September. You can modify the information entered in Recrewteer by going to your member area.<\/p>\t\t\t\t\t<\/div>\n\t\t\t\t\t\t<\/div>\n\t\t\t\t<\/div>\n\t\t\t\t<div class=\"elementor-element elementor-element-3bef4e1 elementor-align-center elementor-widget elementor-widget-button\" data-id=\"3bef4e1\" data-element_type=\"widget\" data-widget_type=\"button.default\">\n\t\t\t\t<div class=\"elementor-widget-container\">\n\t\t\t\t\t<div class=\"elementor-button-wrapper\">\n\t\t\t<a href=\"https:\/\/event.recrewteer.com\/v2\/organization\/1018\/auth\" class=\"elementor-button-link elementor-button elementor-size-sm\" role=\"button\">\n\t\t\t\t\t\t<span class=\"elementor-button-content-wrapper\">\n\t\t\t\t\t\t<span class=\"elementor-button-text\"><span class=\"ui-provider hb b c d e f g h i j k l m n o p q r s t u v w x y z ab ac ae af ag ah ai aj ak\" dir=\"ltr\">Member area<\/span><\/span>\n\t\t<\/span>\n\t\t\t\t\t<\/a>\n\t\t<\/div>\n\t\t\t\t<\/div>\n\t\t\t\t<\/div>\n\t\t\t\t\t\t<\/div>\n\t\t\t\t\t<\/div>\n\t\t<\/div>\n\t\t\t\t<div class=\"elementor-column elementor-col-50 elementor-top-column elementor-element elementor-element-165f4ad\" data-id=\"165f4ad\" data-element_type=\"column\" data-settings=\"{&quot;background_background&quot;:&quot;classic&quot;}\">\n\t\t\t<div class=\"elementor-column-wrap elementor-element-populated\">\n\t\t\t\t\t\t\t<div class=\"elementor-widget-wrap\">\n\t\t\t\t\t\t<div class=\"elementor-element elementor-element-dfec14c elementor-widget elementor-widget-image\" data-id=\"dfec14c\" data-element_type=\"widget\" data-widget_type=\"image.default\">\n\t\t\t\t<div class=\"elementor-widget-container\">\n\t\t\t\t\t\t\t\t<div class=\"elementor-image\">\n\t\t\t\t\t\t\t\t\t\t\t\t\t<a href=\"https:\/\/trailencoterotie.fr\/wp-content\/uploads\/2022\/04\/Trail_Cote_Rotie_2021_11\u252c\u00aeYann_ROSSI.jpg\" data-elementor-open-lightbox=\"yes\" e-action-hash=\"#elementor-action%3Aaction%3Dlightbox%26settings%3DeyJpZCI6Mzk2LCJ1cmwiOiJodHRwczpcL1wvdHJhaWxlbmNvdGVyb3RpZS5mclwvd3AtY29udGVudFwvdXBsb2Fkc1wvMjAyMlwvMDRcL1RyYWlsX0NvdGVfUm90aWVfMjAyMV8xMVx1MjUyY1x1MDBhZVlhbm5fUk9TU0kuanBnIn0%3D\">\n\t\t\t\t\t\t\t<img width=\"800\" height=\"534\" src=\"https:\/\/trailencoterotie.fr\/wp-content\/uploads\/2022\/04\/Trail_Cote_Rotie_2021_11\u252c\u00aeYann_ROSSI-1024x683.jpg\" class=\"attachment-large size-large\" alt=\"\" loading=\"lazy\" srcset=\"https:\/\/trailencoterotie.fr\/wp-content\/uploads\/2022\/04\/Trail_Cote_Rotie_2021_11\u252c\u00aeYann_ROSSI-1024x683.jpg 1024w, https:\/\/trailencoterotie.fr\/wp-content\/uploads\/2022\/04\/Trail_Cote_Rotie_2021_11\u252c\u00aeYann_ROSSI-300x200.jpg 300w, https:\/\/trailencoterotie.fr\/wp-content\/uploads\/2022\/04\/Trail_Cote_Rotie_2021_11\u252c\u00aeYann_ROSSI-768x512.jpg 768w, https:\/\/trailencoterotie.fr\/wp-content\/uploads\/2022\/04\/Trail_Cote_Rotie_2021_11\u252c\u00aeYann_ROSSI-1536x1024.jpg 1536w, https:\/\/trailencoterotie.fr\/wp-content\/uploads\/2022\/04\/Trail_Cote_Rotie_2021_11\u252c\u00aeYann_ROSSI.jpg 2048w\" sizes=\"(max-width: 800px) 100vw, 800px\" \/>\t\t\t\t\t\t\t\t<\/a>\n\t\t\t\t\t\t\t\t\t\t\t\t\t\t<\/div>\n\t\t\t\t\t\t<\/div>\n\t\t\t\t<\/div>\n\t\t\t\t\t\t<\/div>\n\t\t\t\t\t<\/div>\n\t\t<\/div>\n\t\t\t\t\t\t\t\t<\/div>\n\t\t\t\t\t<\/div>\n\t\t<\/section>\n\t\t\t\t<section class=\"elementor-section elementor-top-section elementor-element elementor-element-76f76b4 elementor-section-full_width elementor-section-height-default elementor-section-height-default\" data-id=\"76f76b4\" data-element_type=\"section\">\n\t\t\t\t\t\t<div class=\"elementor-container elementor-column-gap-default\">\n\t\t\t\t\t\t\t<div class=\"elementor-row\">\n\t\t\t\t\t<div class=\"elementor-column elementor-col-100 elementor-top-column elementor-element elementor-element-ad75b62\" data-id=\"ad75b62\" data-element_type=\"column\">\n\t\t\t<div class=\"elementor-column-wrap elementor-element-populated\">\n\t\t\t\t\t\t\t<div class=\"elementor-widget-wrap\">\n\t\t\t\t\t\t<div class=\"elementor-element elementor-element-ccc4937 elementor-aspect-ratio-169 elementor-widget elementor-widget-video\" data-id=\"ccc4937\" data-element_type=\"widget\" data-settings=\"{&quot;youtube_url&quot;:&quot;https:\\\/\\\/youtu.be\\\/xuzt05WrQDw&quot;,&quot;autoplay&quot;:&quot;yes&quot;,&quot;play_on_mobile&quot;:&quot;yes&quot;,&quot;video_type&quot;:&quot;youtube&quot;,&quot;controls&quot;:&quot;yes&quot;,&quot;aspect_ratio&quot;:&quot;169&quot;}\" data-widget_type=\"video.default\">\n\t\t\t\t<div class=\"elementor-widget-container\">\n\t\t\t\t\t<div class=\"elementor-wrapper elementor-fit-aspect-ratio elementor-open-inline\">\n\t\t\t<div class=\"elementor-video\"><\/div>\t\t<\/div>\n\t\t\t\t<\/div>\n\t\t\t\t<\/div>\n\t\t\t\t\t\t<\/div>\n\t\t\t\t\t<\/div>\n\t\t<\/div>\n\t\t\t\t\t\t\t\t<\/div>\n\t\t\t\t\t<\/div>\n\t\t<\/section>\n\t\t\t\t\t\t\t\t\t<\/div>\n\t\t\t<\/div>\n\t\t\t\t\t<\/div>","protected":false},"excerpt":{"rendered":"<p>B\u00e9n\u00e9voles Vous souhaitez vous investir dans l&rsquo;organisation du Trail ? Inscription b\u00e9n\u00e9vole Vous souhaitez apporter de la convivialit\u00e9 \u00e0 ce nouvel \u00e9v\u00e8nement sportif sur notre beau territoire ? Vous souhaitez participer \u00e0 une belle aventure aux c\u00f4t\u00e9s des coureurs ? Rejoignez le staff d\u2019organisation de la 4\u00e8me \u00e9dition du Trail en C\u00f4te-R\u00f4tie. Nous avons besoin [&hellip;]<\/p>","protected":false},"author":1,"featured_media":0,"parent":0,"menu_order":0,"comment_status":"closed","ping_status":"closed","template":"","meta":[],"yoast_head":"<!-- This site is optimized with the Yoast SEO plugin v18.6 - https:\/\/yoast.com\/wordpress\/plugins\/seo\/ -->\n<title>B\u00e9n\u00e9voles - Trail en C\u00f4te-R\u00f4tie<\/title>\n<meta name=\"description\" content=\"Vous souhaitez vous investir dans l&#039;organisation du Trail ? Rejoignez le staff d\u2019organisation du Trail en C\u00f4te-R\u00f4tie et devenez b\u00e9n\u00e9voles !\" \/>\n<meta name=\"robots\" content=\"index, follow, max-snippet:-1, max-image-preview:large, max-video-preview:-1\" \/>\n<link rel=\"canonical\" href=\"https:\/\/trailencoterotie.fr\/en\/benevoles\/\" \/>\n<meta property=\"og:locale\" content=\"en_GB\" \/>\n<meta property=\"og:type\" content=\"article\" \/>\n<meta property=\"og:title\" content=\"B\u00e9n\u00e9voles - Trail en C\u00f4te-R\u00f4tie\" \/>\n<meta property=\"og:description\" content=\"Vous souhaitez vous investir dans l&#039;organisation du Trail ? Rejoignez le staff d\u2019organisation du Trail en C\u00f4te-R\u00f4tie et devenez b\u00e9n\u00e9voles !\" \/>\n<meta property=\"og:url\" content=\"https:\/\/trailencoterotie.fr\/en\/benevoles\/\" \/>\n<meta property=\"og:site_name\" content=\"Trail en C\u00f4te-R\u00f4tie\" \/>\n<meta property=\"article:modified_time\" content=\"2025-12-02T16:11:29+00:00\" \/>\n<meta name=\"twitter:card\" content=\"summary_large_image\" \/>\n<meta name=\"twitter:label1\" content=\"Est. reading time\" \/>\n\t<meta name=\"twitter:data1\" content=\"1 minute\" \/>\n<script type=\"application\/ld+json\" class=\"yoast-schema-graph\">{\"@context\":\"https:\/\/schema.org\",\"@graph\":[{\"@type\":\"WebSite\",\"@id\":\"https:\/\/trailencoterotie.fr\/#website\",\"url\":\"https:\/\/trailencoterotie.fr\/\",\"name\":\"Trail en C\u00f4te-R\u00f4tie\",\"description\":\"Un Trail \u00e0 l\u2019image de notre vignoble : intense et vertigineux !\",\"potentialAction\":[{\"@type\":\"SearchAction\",\"target\":{\"@type\":\"EntryPoint\",\"urlTemplate\":\"https:\/\/trailencoterotie.fr\/?s={search_term_string}\"},\"query-input\":\"required name=search_term_string\"}],\"inLanguage\":\"en-GB\"},{\"@type\":\"WebPage\",\"@id\":\"https:\/\/trailencoterotie.fr\/benevoles\/#webpage\",\"url\":\"https:\/\/trailencoterotie.fr\/benevoles\/\",\"name\":\"B\u00e9n\u00e9voles - Trail en C\u00f4te-R\u00f4tie\",\"isPartOf\":{\"@id\":\"https:\/\/trailencoterotie.fr\/#website\"},\"datePublished\":\"2022-04-04T07:37:19+00:00\",\"dateModified\":\"2025-12-02T16:11:29+00:00\",\"description\":\"Vous souhaitez vous investir dans l'organisation du Trail ? Rejoignez le staff d\u2019organisation du Trail en C\u00f4te-R\u00f4tie et devenez b\u00e9n\u00e9voles !\",\"breadcrumb\":{\"@id\":\"https:\/\/trailencoterotie.fr\/benevoles\/#breadcrumb\"},\"inLanguage\":\"en-GB\",\"potentialAction\":[{\"@type\":\"ReadAction\",\"target\":[\"https:\/\/trailencoterotie.fr\/benevoles\/\"]}]},{\"@type\":\"BreadcrumbList\",\"@id\":\"https:\/\/trailencoterotie.fr\/benevoles\/#breadcrumb\",\"itemListElement\":[{\"@type\":\"ListItem\",\"position\":1,\"name\":\"Accueil\",\"item\":\"https:\/\/trailencoterotie.fr\/\"},{\"@type\":\"ListItem\",\"position\":2,\"name\":\"B\u00e9n\u00e9voles\"}]}]}<\/script>\n<!-- \/ Yoast SEO plugin. -->","yoast_head_json":{"title":"B\u00e9n\u00e9voles - Trail en C\u00f4te-R\u00f4tie","description":"Vous souhaitez vous investir dans l'organisation du Trail ? Rejoignez le staff d\u2019organisation du Trail en C\u00f4te-R\u00f4tie et devenez b\u00e9n\u00e9voles !","robots":{"index":"index","follow":"follow","max-snippet":"max-snippet:-1","max-image-preview":"max-image-preview:large","max-video-preview":"max-video-preview:-1"},"canonical":"https:\/\/trailencoterotie.fr\/en\/benevoles\/","og_locale":"en_GB","og_type":"article","og_title":"B\u00e9n\u00e9voles - Trail en C\u00f4te-R\u00f4tie","og_description":"Vous souhaitez vous investir dans l'organisation du Trail ? Rejoignez le staff d\u2019organisation du Trail en C\u00f4te-R\u00f4tie et devenez b\u00e9n\u00e9voles !","og_url":"https:\/\/trailencoterotie.fr\/en\/benevoles\/","og_site_name":"Trail en C\u00f4te-R\u00f4tie","article_modified_time":"2025-12-02T16:11:29+00:00","twitter_card":"summary_large_image","twitter_misc":{"Est. reading time":"1 minute"},"schema":{"@context":"https:\/\/schema.org","@graph":[{"@type":"WebSite","@id":"https:\/\/trailencoterotie.fr\/#website","url":"https:\/\/trailencoterotie.fr\/","name":"Trail en C\u00f4te-R\u00f4tie","description":"Un Trail \u00e0 l\u2019image de notre vignoble : intense et vertigineux !","potentialAction":[{"@type":"SearchAction","target":{"@type":"EntryPoint","urlTemplate":"https:\/\/trailencoterotie.fr\/?s={search_term_string}"},"query-input":"required name=search_term_string"}],"inLanguage":"en-GB"},{"@type":"WebPage","@id":"https:\/\/trailencoterotie.fr\/benevoles\/#webpage","url":"https:\/\/trailencoterotie.fr\/benevoles\/","name":"B\u00e9n\u00e9voles - Trail en C\u00f4te-R\u00f4tie","isPartOf":{"@id":"https:\/\/trailencoterotie.fr\/#website"},"datePublished":"2022-04-04T07:37:19+00:00","dateModified":"2025-12-02T16:11:29+00:00","description":"Vous souhaitez vous investir dans l'organisation du Trail ? Rejoignez le staff d\u2019organisation du Trail en C\u00f4te-R\u00f4tie et devenez b\u00e9n\u00e9voles !","breadcrumb":{"@id":"https:\/\/trailencoterotie.fr\/benevoles\/#breadcrumb"},"inLanguage":"en-GB","potentialAction":[{"@type":"ReadAction","target":["https:\/\/trailencoterotie.fr\/benevoles\/"]}]},{"@type":"BreadcrumbList","@id":"https:\/\/trailencoterotie.fr\/benevoles\/#breadcrumb","itemListElement":[{"@type":"ListItem","position":1,"name":"Accueil","item":"https:\/\/trailencoterotie.fr\/"},{"@type":"ListItem","position":2,"name":"B\u00e9n\u00e9voles"}]}]}},"_links":{"self":[{"href":"https:\/\/trailencoterotie.fr\/en\/wp-json\/wp\/v2\/pages\/393"}],"collection":[{"href":"https:\/\/trailencoterotie.fr\/en\/wp-json\/wp\/v2\/pages"}],"about":[{"href":"https:\/\/trailencoterotie.fr\/en\/wp-json\/wp\/v2\/types\/page"}],"author":[{"embeddable":true,"href":"https:\/\/trailencoterotie.fr\/en\/wp-json\/wp\/v2\/users\/1"}],"replies":[{"embeddable":true,"href":"https:\/\/trailencoterotie.fr\/en\/wp-json\/wp\/v2\/comments?post=393"}],"version-history":[{"count":69,"href":"https:\/\/trailencoterotie.fr\/en\/wp-json\/wp\/v2\/pages\/393\/revisions"}],"predecessor-version":[{"id":3084,"href":"https:\/\/trailencoterotie.fr\/en\/wp-json\/wp\/v2\/pages\/393\/revisions\/3084"}],"wp:attachment":[{"href":"https:\/\/trailencoterotie.fr\/en\/wp-json\/wp\/v2\/media?parent=393"}],"curies":[{"name":"wp","href":"https:\/\/api.w.org\/{rel}","templated":true}]}}